{"id":417,"date":"2022-02-28T09:58:56","date_gmt":"2022-02-28T08:58:56","guid":{"rendered":"http:\/\/malmohushemvarnsforbund.se\/?page_id=417"},"modified":"2026-03-04T15:37:20","modified_gmt":"2026-03-04T14:37:20","slug":"aktuellt-2","status":"publish","type":"page","link":"https:\/\/malmohushemvarnsforbund.se\/?page_id=417","title":{"rendered":"Aktuellt"},"content":{"rendered":"<h2><a href=\"https:\/\/media.malmohushemvarnsforbund.se\/Kallelse-forbundsmote-2026.pdf\">Kallelse f\u00f6rbundsm\u00f6te 2026<\/a><\/h2>\n<h2><a href=\"https:\/\/media.malmohushemvarnsforbund.se\/Dagordning-forbundsmotet-2026.pdf\">Dagordning f\u00f6rbundsm\u00f6te 2026<\/a><\/h2>\n<h2><a href=\"https:\/\/media.malmohushemvarnsforbund.se\/Arsberattelse-2025.pdf\">\u00c5rsber\u00e4ttelse 2025<\/a><\/h2>\n<h2>\u00a0<\/h2>\n<h2>\u00a0<\/h2>\n<h2>\u00a0<\/h2>\n<h2>\u00a0<\/h2>\n<p>\u00a0<\/p>\n\n\n<p><\/p>\n","protected":false},"excerpt":{"rendered":"<p>Kallelse f\u00f6rbundsm\u00f6te 2026 Dagordning f\u00f6rbundsm\u00f6te 2026 \u00c5rsber\u00e4ttelse 2025 \u00a0 \u00a0 \u00a0 \u00a0 \u00a0<\/p>\n","protected":false},"author":1,"featured_media":0,"parent":0,"menu_order":0,"comment_status":"closed","ping_status":"closed","template":"","meta":[],"_links":{"self":[{"href":"https:\/\/malmohushemvarnsforbund.se\/index.php?rest_route=\/wp\/v2\/pages\/417"}],"collection":[{"href":"https:\/\/malmohushemvarnsforbund.se\/index.php?rest_route=\/wp\/v2\/pages"}],"about":[{"href":"https:\/\/malmohushemvarnsforbund.se\/index.php?rest_route=\/wp\/v2\/types\/page"}],"author":[{"embeddable":true,"href":"https:\/\/malmohushemvarnsforbund.se\/index.php?rest_route=\/wp\/v2\/users\/1"}],"replies":[{"embeddable":true,"href":"https:\/\/malmohushemvarnsforbund.se\/index.php?rest_route=%2Fwp%2Fv2%2Fcomments&post=417"}],"version-history":[{"count":33,"href":"https:\/\/malmohushemvarnsforbund.se\/index.php?rest_route=\/wp\/v2\/pages\/417\/revisions"}],"predecessor-version":[{"id":581,"href":"https:\/\/malmohushemvarnsforbund.se\/index.php?rest_route=\/wp\/v2\/pages\/417\/revisions\/581"}],"wp:attachment":[{"href":"https:\/\/malmohushemvarnsforbund.se\/index.php?rest_route=%2Fwp%2Fv2%2Fmedia&parent=417"}],"curies":[{"name":"wp","href":"https:\/\/api.w.org\/{rel}","templated":true}]}}