{"id":370,"date":"2018-01-04T12:32:08","date_gmt":"2018-01-04T11:32:08","guid":{"rendered":"http:\/\/malmohushemvarnsforbund.se\/?page_id=370"},"modified":"2023-03-29T10:40:22","modified_gmt":"2023-03-29T08:40:22","slug":"bidrag","status":"publish","type":"page","link":"https:\/\/malmohushemvarnsforbund.se\/?page_id=370","title":{"rendered":"Bidrag"},"content":{"rendered":"<h1 style=\"text-align: left;\" align=\"center\">ANS\u00d6KAN OM BIDRAG<\/h1>\n<p>Malm\u00f6hus Hemv\u00e4rnsf\u00f6rbund har enligt stadgarna &#8221;till uppgift att ekonomiskt st\u00f6dja Hemv\u00e4rnet och med Hemv\u00e4rnet samverkande organisationer i dess verksamhet inom s\u00e5dana omr\u00e5den som normalt inte omfattas av de milit\u00e4ra myndigheternas ansvarsomr\u00e5den&#8221;.<\/p>\n<p><strong>Ans\u00f6kan<\/strong><br \/>\nAns\u00f6kan inges till Hemv\u00e4rnsf\u00f6rbundets ordf\u00f6rande (adress &#8211; se <a title=\"Kontakta oss\" href=\"https:\/\/malmohushemvarnsforbund.se\/?page_id=151\">Kontakta oss<\/a>) i god tid f\u00f6re <strong>aktivitet\/ink\u00f6p<\/strong>. Ans\u00f6kan om bidrag kan inges valfri tidpunkt under \u00e5ret. Dock b\u00f6r beaktas att beslut fattas vid fyra tillf\u00e4llen per \u00e5r enligt nedan.<\/p>\n<p>Ans\u00f6kan ins\u00e4ndes\u00a0\u00a0\u00a0\u00a0\u00a0\u00a0\u00a0\u00a0\u00a0\u00a0\u00a0\u00a0\u00a0\u00a0\u00a0\u00a0\u00a0\u00a0\u00a0\u00a0 Beslut fattas<br \/>\nF\u00f6re 1. febr \u00a0 \u00a0 \u00a0 \u00a0 \u00a0 \u00a0 \u00a0 \u00a0 \u00a0 \u00a0 \u00a0 \u00a0 \u00a0 \u00a0 \u00a0\u00a0 Styrelsesammantr\u00e4de, febr<br \/>\nF\u00f6re 1. juni \u00a0 \u00a0 \u00a0 \u00a0 \u00a0 \u00a0 \u00a0 \u00a0 \u00a0 \u00a0 \u00a0 \u00a0 \u00a0 \u00a0 \u00a0 \u00a0\u00a0Styrelsesammantr\u00e4de, juni<br \/>\nF\u00f6re 1. sept \u00a0 \u00a0 \u00a0 \u00a0 \u00a0 \u00a0 \u00a0 \u00a0 \u00a0 \u00a0 \u00a0 \u00a0 \u00a0 \u00a0 \u00a0 Styrelsesammantr\u00e4de, sept<br \/>\nF\u00f6re 1. dec \u00a0 \u00a0 \u00a0 \u00a0 \u00a0 \u00a0 \u00a0 \u00a0 \u00a0 \u00a0 \u00a0 \u00a0 \u00a0 \u00a0 \u00a0\u00a0 Styrelsesammantr\u00e4de, dec<\/p>\n<p style=\"text-align: left;\"><strong>Inneh\u00e5ll<\/strong><br \/>\nAns\u00f6kan om bidrag skall omfatta<br \/>\no \u00a0\u00a0 S\u00f6kande enhet (bat\/komp\/motsv)<br \/>\no \u00a0\u00a0 Planerad aktivitet alt ink\u00f6p med motivering och kostnadsber\u00e4kning<br \/>\no \u00a0\u00a0 Belopp som beg\u00e4rs<br \/>\no \u00a0\u00a0 Underskrift av ansvarig f\u00f6r ans\u00f6kan omfattande namn, befattning samt telefon, \u00a0 \u00a0 . . \u00a0\u00a0\u00a0\u00a0\u00a0\u00a0adress och e-postadress.<br \/>\nAns\u00f6kan inges som skrivelse.<\/p>\n<p><strong>Beslut och utbetalning<br \/>\n<\/strong>Efter behandling i Hemv\u00e4rnsf\u00f6rbundets styrelse meddelas beslut av ordf\u00f6randen.<br \/>\nOm bidrag beviljats kontaktar s\u00f6kanden kass\u00f6ren (adress, se <a href=\"https:\/\/malmohushemvarnsforbund.se\/?page_id=151\">Kontakta oss<\/a>) f\u00f6r \u00f6verenskommelse om utbetalning.<\/p>\n<p><strong>Rapport<br \/>\n<\/strong>I samband med beslut om tilldelning av bidrag meddelas tidpunkt f\u00f6r rapportering. Rapportblankett medf\u00f6ljer beslutet.<\/p>\n<p><span style=\"color: #000000; font-family: Times New Roman;\">\u00a0<\/span><\/p>\n<p><span style=\"color: #000000; font-family: Times New Roman;\">\u00a0<\/span><\/p>\n<p><span style=\"text-decoration: underline;\"><span style=\"color: #000000; font-family: Times New Roman; font-size: x-large;\">\u00a0<\/span><\/span><\/p>\n","protected":false},"excerpt":{"rendered":"<p>ANS\u00d6KAN OM BIDRAG Malm\u00f6hus Hemv\u00e4rnsf\u00f6rbund har enligt stadgarna &#8221;till uppgift att ekonomiskt st\u00f6dja Hemv\u00e4rnet och med Hemv\u00e4rnet samverkande organisationer i dess verksamhet inom s\u00e5dana omr\u00e5den som normalt inte omfattas av de milit\u00e4ra myndigheternas ansvarsomr\u00e5den&#8221;. Ans\u00f6kan Ans\u00f6kan inges till Hemv\u00e4rnsf\u00f6rbundets ordf\u00f6rande &hellip; <a href=\"https:\/\/malmohushemvarnsforbund.se\/?page_id=370\">L\u00e4s mer <span class=\"meta-nav\">&rarr;<\/span><\/a><\/p>\n","protected":false},"author":1,"featured_media":0,"parent":0,"menu_order":0,"comment_status":"closed","ping_status":"closed","template":"","meta":[],"_links":{"self":[{"href":"https:\/\/malmohushemvarnsforbund.se\/index.php?rest_route=\/wp\/v2\/pages\/370"}],"collection":[{"href":"https:\/\/malmohushemvarnsforbund.se\/index.php?rest_route=\/wp\/v2\/pages"}],"about":[{"href":"https:\/\/malmohushemvarnsforbund.se\/index.php?rest_route=\/wp\/v2\/types\/page"}],"author":[{"embeddable":true,"href":"https:\/\/malmohushemvarnsforbund.se\/index.php?rest_route=\/wp\/v2\/users\/1"}],"replies":[{"embeddable":true,"href":"https:\/\/malmohushemvarnsforbund.se\/index.php?rest_route=%2Fwp%2Fv2%2Fcomments&post=370"}],"version-history":[{"count":15,"href":"https:\/\/malmohushemvarnsforbund.se\/index.php?rest_route=\/wp\/v2\/pages\/370\/revisions"}],"predecessor-version":[{"id":479,"href":"https:\/\/malmohushemvarnsforbund.se\/index.php?rest_route=\/wp\/v2\/pages\/370\/revisions\/479"}],"wp:attachment":[{"href":"https:\/\/malmohushemvarnsforbund.se\/index.php?rest_route=%2Fwp%2Fv2%2Fmedia&parent=370"}],"curies":[{"name":"wp","href":"https:\/\/api.w.org\/{rel}","templated":true}]}}