{"id":170,"date":"2011-10-20T23:46:07","date_gmt":"2011-10-20T21:46:07","guid":{"rendered":"http:\/\/malmohushemvarnsforbund.se\/?page_id=170"},"modified":"2026-03-10T07:53:41","modified_gmt":"2026-03-10T06:53:41","slug":"valkommen-till-var-hemsida","status":"publish","type":"page","link":"https:\/\/malmohushemvarnsforbund.se\/","title":{"rendered":"V\u00e4lkommen till  Malm\u00f6hus hemv\u00e4rnsf\u00f6rbund!"},"content":{"rendered":"<p><strong>MEDLEM\u00a0I F\u00d6RBUNDET<br \/><\/strong>Medlemskap i f\u00f6rbundet kan uppn\u00e5s av svensk medborgare, f\u00f6retag eller organisation som genom sin civila eller milit\u00e4ra verksamhet \u00e4r villig och har intresse av att vidmakth\u00e5lla, \u00f6ka och f\u00f6rdjupa intresset f\u00f6r i f\u00f6rsta hand Hemv\u00e4rnet, men \u00e4ven i \u00f6vrigt f\u00f6r hembygdens f\u00f6rsvar. Arbetet sker i samverkan med andra frivilligorganisationer. Vid intresse skriv eller h\u00f6r av dig till ordf\u00f6randen enligt &#8221;Kontakta oss&#8221; ovan.<\/p>\n<h2><span style=\"color: #3366ff;\">F\u00d6RBUNDSM\u00d6TE 2026-03-31 (<a href=\"https:\/\/malmohushemvarnsforbund.se\/?page_id=417\">se under fliken aktuellt<\/a>)<\/span><\/h2>\n<h2><a href=\"https:\/\/media.malmohushemvarnsforbund.se\/Viktigt-information.pdf\"><strong><span style=\"color: #ff0000;\">VIKTIG INFORMATION TILL ALLA V\u00c5RA MEDLEMMAR (l\u00e4nk)<\/span><\/strong><\/a><\/h2>\n<p><strong>AKTUELL STYRELSE<br \/><\/strong>Ordf\u00f6rande:\u00a0\u00a0\u00a0\u00a0\u00a0\u00a0\u00a0\u00a0\u00a0\u00a0\u00a0\u00a0\u00a0\u00a0\u00a0\u00a0\u00a0\u00a0\u00a0\u00a0LET Andersson<br \/>Vice ordf\u00f6rande: \u00a0 \u00a0 \u00a0 \u00a0 \u00a0 \u00a0 Bertil \u00d6hrstrand<br \/>Sekreterare: \u00a0 \u00a0 \u00a0 \u00a0 \u00a0 \u00a0 \u00a0 \u00a0 \u00a0 \u00a0Christina Twede<br \/>Kass\u00f6r: \u00a0 \u00a0 \u00a0 \u00a0 \u00a0 \u00a0 \u00a0 \u00a0 \u00a0 \u00a0 \u00a0 \u00a0 \u00a0 Bengt Runner<\/p>\n<p>Ordinarie ledam\u00f6ter: \u00a0 \u00a0 \u00a0 \u00a0 Allan Pedersen<br \/>\u00a0 \u00a0 \u00a0 \u00a0 \u00a0 \u00a0 \u00a0 \u00a0 \u00a0 \u00a0 \u00a0 \u00a0 \u00a0 \u00a0 \u00a0 \u00a0 \u00a0 \u00a0 \u00a0 \u00a0 Martin Olsson<br \/>\u00a0 \u00a0 \u00a0 \u00a0 \u00a0 \u00a0 \u00a0 \u00a0 \u00a0 \u00a0 \u00a0 \u00a0 \u00a0 \u00a0 \u00a0 \u00a0 \u00a0 \u00a0 \u00a0 \u00a0 Fred \u00d6rnberg<\/p>\n<p>Ordinarie revisorer: \u00a0 \u00a0 \u00a0 \u00a0 \u00a0 Gert Nilsson<br \/><span style=\"display: inline !important; float: none; background-color: transparent; color: #333333; cursor: text; font-family: 'Helvetica Neue',Helvetica,Arial,'Nimbus Sans L',sans-serif; font-size: 15px; font-style: normal; font-variant: normal; font-weight: 300; letter-spacing: normal; orphans: 2; text-align: left; text-decoration: none; text-indent: 0px; text-transform: none; -webkit-text-stroke-width: 0px; white-space: normal; word-spacing: 0px;\">\u00a0 \u00a0 \u00a0 \u00a0 \u00a0 \u00a0 \u00a0 \u00a0 \u00a0 \u00a0 \u00a0 \u00a0 \u00a0 \u00a0 \u00a0 \u00a0 \u00a0 \u00a0 \u00a0 \u00a0 <\/span>Lars Oddshammar<br \/>Suppleanter: \u00a0 \u00a0 \u00a0 \u00a0 \u00a0 \u00a0 \u00a0 \u00a0 \u00a0 \u00a0Lars Olsson<br \/><span style=\"display: inline !important; float: none; background-color: transparent; color: #333333; cursor: text; font-family: 'Helvetica Neue',Helvetica,Arial,'Nimbus Sans L',sans-serif; font-size: 15px; font-style: normal; font-variant: normal; font-weight: 300; letter-spacing: normal; orphans: 2; text-align: left; text-decoration: none; text-indent: 0px; text-transform: none; -webkit-text-stroke-width: 0px; white-space: normal; word-spacing: 0px;\">\u00a0 \u00a0 \u00a0 \u00a0 \u00a0 \u00a0 \u00a0 \u00a0 \u00a0 \u00a0 \u00a0 \u00a0 \u00a0 \u00a0 \u00a0 \u00a0 \u00a0 \u00a0 \u00a0 \u00a0 <\/span>Christer Lindblad<\/p>\n<p>Valberedning:<br \/>Sammankallande \u00a0 \u00a0 \u00a0 \u00a0 \u00a0 \u00a0Benny Klein<br \/><span style=\"display: inline !important; float: none; background-color: transparent; color: #333333; cursor: text; font-family: 'Helvetica Neue',Helvetica,Arial,'Nimbus Sans L',sans-serif; font-size: 15px; font-style: normal; font-variant: normal; font-weight: 300; letter-spacing: normal; orphans: 2; text-align: left; text-decoration: none; text-indent: 0px; text-transform: none; -webkit-text-stroke-width: 0px; white-space: normal; word-spacing: 0px;\">\u00a0 \u00a0 \u00a0 \u00a0 \u00a0 \u00a0 \u00a0 \u00a0 \u00a0 \u00a0 \u00a0 \u00a0 \u00a0 \u00a0 \u00a0 \u00a0 \u00a0 \u00a0 \u00a0 \u00a0<\/span>Anders Gustafsson<br \/>\u00a0 \u00a0 \u00a0 \u00a0 \u00a0 \u00a0 \u00a0 \u00a0 \u00a0 \u00a0 \u00a0 \u00a0 \u00a0 \u00a0 \u00a0 \u00a0 \u00a0 \u00a0 \u00a0 \u00a0Peter Kowal<br \/><span style=\"display: inline !important; float: none; background-color: transparent; color: #333333; cursor: text; font-family: 'Helvetica Neue',Helvetica,Arial,'Nimbus Sans L',sans-serif; font-size: 15px; font-style: normal; font-variant: normal; font-weight: 300; letter-spacing: normal; orphans: 2; text-align: left; text-decoration: none; text-indent: 0px; text-transform: none; -webkit-text-stroke-width: 0px; white-space: normal; word-spacing: 0px;\">\u00a0 \u00a0 \u00a0<\/span><\/p>\n\n\n<div class=\"wp-container-1 wp-block-group\"><\/div>\n","protected":false},"excerpt":{"rendered":"<p>MEDLEM\u00a0I F\u00d6RBUNDETMedlemskap i f\u00f6rbundet kan uppn\u00e5s av svensk medborgare, f\u00f6retag eller organisation som genom sin civila eller milit\u00e4ra verksamhet \u00e4r villig och har intresse av att vidmakth\u00e5lla, \u00f6ka och f\u00f6rdjupa intresset f\u00f6r i f\u00f6rsta hand Hemv\u00e4rnet, men \u00e4ven i \u00f6vrigt &hellip; <a href=\"https:\/\/malmohushemvarnsforbund.se\/\">L\u00e4s mer <span class=\"meta-nav\">&rarr;<\/span><\/a><\/p>\n","protected":false},"author":1,"featured_media":0,"parent":0,"menu_order":0,"comment_status":"closed","ping_status":"closed","template":"","meta":[],"_links":{"self":[{"href":"https:\/\/malmohushemvarnsforbund.se\/index.php?rest_route=\/wp\/v2\/pages\/170"}],"collection":[{"href":"https:\/\/malmohushemvarnsforbund.se\/index.php?rest_route=\/wp\/v2\/pages"}],"about":[{"href":"https:\/\/malmohushemvarnsforbund.se\/index.php?rest_route=\/wp\/v2\/types\/page"}],"author":[{"embeddable":true,"href":"https:\/\/malmohushemvarnsforbund.se\/index.php?rest_route=\/wp\/v2\/users\/1"}],"replies":[{"embeddable":true,"href":"https:\/\/malmohushemvarnsforbund.se\/index.php?rest_route=%2Fwp%2Fv2%2Fcomments&post=170"}],"version-history":[{"count":145,"href":"https:\/\/malmohushemvarnsforbund.se\/index.php?rest_route=\/wp\/v2\/pages\/170\/revisions"}],"predecessor-version":[{"id":584,"href":"https:\/\/malmohushemvarnsforbund.se\/index.php?rest_route=\/wp\/v2\/pages\/170\/revisions\/584"}],"wp:attachment":[{"href":"https:\/\/malmohushemvarnsforbund.se\/index.php?rest_route=%2Fwp%2Fv2%2Fmedia&parent=170"}],"curies":[{"name":"wp","href":"https:\/\/api.w.org\/{rel}","templated":true}]}}