{"id":151,"date":"2011-09-01T23:53:17","date_gmt":"2011-09-01T21:53:17","guid":{"rendered":"http:\/\/malmohushemvarnsforbund.se\/?page_id=151"},"modified":"2024-02-13T17:03:33","modified_gmt":"2024-02-13T16:03:33","slug":"kontakta-oss","status":"publish","type":"page","link":"https:\/\/malmohushemvarnsforbund.se\/?page_id=151","title":{"rendered":"Kontakta oss"},"content":{"rendered":"<p>Ordf\u00f6rande:\u00a0Lars E Andersson, tel. 070-563 12 85, <a href=\"mailto:ordf@malmohushemvarnsforbund.se\">ordf@malmohushemvarnsforbund.se<\/a><\/p>\n<p>Kass\u00f6r:\u00a0\u00a0\u00a0\u00a0\u00a0 \u00a0 Bengt Runner,<a href=\"mailto:kassor@malmohushemvarnsforbund.se\"> kassor@malmohushemvarnsforbund.se<\/a><\/p>\n<p>Malm\u00f6hus Hemv\u00e4rnsf\u00f6rbund<br \/>c\/o\u00a0Lars E Andersson<br \/>Snapphanegatan 14<br \/>271\u00a036 Ystad<\/p>\n\n\n<p><\/p>\n","protected":false},"excerpt":{"rendered":"<p>Ordf\u00f6rande:\u00a0Lars E Andersson, tel. 070-563 12 85, ordf@malmohushemvarnsforbund.se Kass\u00f6r:\u00a0\u00a0\u00a0\u00a0\u00a0 \u00a0 Bengt Runner, kassor@malmohushemvarnsforbund.se Malm\u00f6hus Hemv\u00e4rnsf\u00f6rbundc\/o\u00a0Lars E AnderssonSnapphanegatan 14271\u00a036 Ystad<\/p>\n","protected":false},"author":1,"featured_media":0,"parent":0,"menu_order":0,"comment_status":"closed","ping_status":"closed","template":"","meta":[],"_links":{"self":[{"href":"https:\/\/malmohushemvarnsforbund.se\/index.php?rest_route=\/wp\/v2\/pages\/151"}],"collection":[{"href":"https:\/\/malmohushemvarnsforbund.se\/index.php?rest_route=\/wp\/v2\/pages"}],"about":[{"href":"https:\/\/malmohushemvarnsforbund.se\/index.php?rest_route=\/wp\/v2\/types\/page"}],"author":[{"embeddable":true,"href":"https:\/\/malmohushemvarnsforbund.se\/index.php?rest_route=\/wp\/v2\/users\/1"}],"replies":[{"embeddable":true,"href":"https:\/\/malmohushemvarnsforbund.se\/index.php?rest_route=%2Fwp%2Fv2%2Fcomments&post=151"}],"version-history":[{"count":10,"href":"https:\/\/malmohushemvarnsforbund.se\/index.php?rest_route=\/wp\/v2\/pages\/151\/revisions"}],"predecessor-version":[{"id":508,"href":"https:\/\/malmohushemvarnsforbund.se\/index.php?rest_route=\/wp\/v2\/pages\/151\/revisions\/508"}],"wp:attachment":[{"href":"https:\/\/malmohushemvarnsforbund.se\/index.php?rest_route=%2Fwp%2Fv2%2Fmedia&parent=151"}],"curies":[{"name":"wp","href":"https:\/\/api.w.org\/{rel}","templated":true}]}}