{"id":137,"date":"2011-08-29T23:04:22","date_gmt":"2011-08-29T21:04:22","guid":{"rendered":"http:\/\/malmohushemvarnsforbund.se\/?page_id=137"},"modified":"2016-03-09T12:09:54","modified_gmt":"2016-03-09T11:09:54","slug":"medaljer","status":"publish","type":"page","link":"https:\/\/malmohushemvarnsforbund.se\/?page_id=137","title":{"rendered":"Medaljer"},"content":{"rendered":"<div><strong>Medaljstatuter<\/strong><br \/>\nF\u00f6rbundets f\u00f6rtj\u00e4nstmedalj i guld och silver kan tilldelas personer, som genom<\/div>\n<div>l\u00e5ngvarig och nitisk verksamhet inom Hemv\u00e4rnet eller f\u00f6r dess syften eller som genom donationer eller p\u00e5 annat s\u00e4tt verkat f\u00f6r f\u00f6rbundets \u00e4ndam\u00e5l. Medalj utdelas enligt arbetsutskottets beslut.<\/div>\n<div><\/div>\n<div>F\u00f6rslag p\u00e5 medaljkandidat s\u00e4nds till f\u00f6rbundets ordf\u00f6rande: <a href=\"mailto:ordf@malmohushemvarnsforbund.se\">ordf@malmohushemvarnsforbund.se<\/a><\/div>\n<div><\/div>\n<div><img loading=\"lazy\" title=\"Mix_v4\" alt=\"V\u00e5ra medaljer\" src=\"https:\/\/media.malmohushemvarnsforbund.se\/Mix_v4.jpg\" width=\"486\" height=\"480\" \/><\/div>\n<div><\/div>\n<div>\n<p>&nbsp;<\/p>\n<p><a href=\"https:\/\/media.malmohushemvarnsforbund.se\/Kjell-Persson-2015-.jpg\">\u00a0<\/a><\/p>\n<p>&nbsp;<\/p>\n<\/div>\n<div><\/div>\n","protected":false},"excerpt":{"rendered":"<p>Medaljstatuter F\u00f6rbundets f\u00f6rtj\u00e4nstmedalj i guld och silver kan tilldelas personer, som genom l\u00e5ngvarig och nitisk verksamhet inom Hemv\u00e4rnet eller f\u00f6r dess syften eller som genom donationer eller p\u00e5 annat s\u00e4tt verkat f\u00f6r f\u00f6rbundets \u00e4ndam\u00e5l. Medalj utdelas enligt arbetsutskottets beslut. F\u00f6rslag &hellip; <a href=\"https:\/\/malmohushemvarnsforbund.se\/?page_id=137\">L\u00e4s mer <span class=\"meta-nav\">&rarr;<\/span><\/a><\/p>\n","protected":false},"author":1,"featured_media":0,"parent":0,"menu_order":0,"comment_status":"closed","ping_status":"closed","template":"","meta":[],"_links":{"self":[{"href":"https:\/\/malmohushemvarnsforbund.se\/index.php?rest_route=\/wp\/v2\/pages\/137"}],"collection":[{"href":"https:\/\/malmohushemvarnsforbund.se\/index.php?rest_route=\/wp\/v2\/pages"}],"about":[{"href":"https:\/\/malmohushemvarnsforbund.se\/index.php?rest_route=\/wp\/v2\/types\/page"}],"author":[{"embeddable":true,"href":"https:\/\/malmohushemvarnsforbund.se\/index.php?rest_route=\/wp\/v2\/users\/1"}],"replies":[{"embeddable":true,"href":"https:\/\/malmohushemvarnsforbund.se\/index.php?rest_route=%2Fwp%2Fv2%2Fcomments&post=137"}],"version-history":[{"count":19,"href":"https:\/\/malmohushemvarnsforbund.se\/index.php?rest_route=\/wp\/v2\/pages\/137\/revisions"}],"predecessor-version":[{"id":320,"href":"https:\/\/malmohushemvarnsforbund.se\/index.php?rest_route=\/wp\/v2\/pages\/137\/revisions\/320"}],"wp:attachment":[{"href":"https:\/\/malmohushemvarnsforbund.se\/index.php?rest_route=%2Fwp%2Fv2%2Fmedia&parent=137"}],"curies":[{"name":"wp","href":"https:\/\/api.w.org\/{rel}","templated":true}]}}