{"id":131,"date":"2011-08-29T22:52:36","date_gmt":"2011-08-29T20:52:36","guid":{"rendered":"http:\/\/malmohushemvarnsforbund.se\/?page_id=131"},"modified":"2025-04-24T11:16:18","modified_gmt":"2025-04-24T09:16:18","slug":"aktuellt","status":"publish","type":"page","link":"https:\/\/malmohushemvarnsforbund.se\/?page_id=131","title":{"rendered":"Stipendiater"},"content":{"rendered":"<p><strong>Stipendiater 2025<br \/>\n<\/strong><span style=\"color: #000000; font-family: Calibri; font-size: medium;\">Marcus Andersson \u00a0 \u00a0 \u00a0 \u00a0 \u00a0 \u00a0 \u00a0 Hanna Bengtsson<\/span><span style=\"color: #000000; font-family: Calibri;\"><br \/>\n<\/span><span style=\"color: #000000; font-family: Calibri; font-size: medium;\">Krister Eliasson \u00a0 \u00a0 \u00a0 \u00a0 \u00a0 \u00a0 \u00a0 \u00a0 \u00a0 \u00a0Sebastian Eriksson<\/span><span style=\"color: #000000; font-family: Calibri;\"><br \/>\n<\/span><span style=\"color: #000000; font-family: Calibri; font-size: medium;\">Christian Frisk \u00a0 \u00a0 \u00a0 \u00a0 \u00a0 \u00a0 \u00a0 \u00a0 \u00a0 \u00a0 Patrik Hansson<\/span><span style=\"color: #000000; font-family: Calibri;\"><br \/>\n<\/span><span style=\"color: #000000; font-family: Calibri; font-size: medium;\">Magnus J\u00f6nsson \u00a0 \u00a0 \u00a0 \u00a0 \u00a0 \u00a0 \u00a0 \u00a0 \u00a0Anna Kantz<\/span><span style=\"color: #000000; font-family: Calibri;\"><br \/>\n<\/span><span style=\"font-family: Calibri; font-size: medium;\">Damir Knezevic \u00a0 \u00a0 \u00a0 \u00a0 \u00a0 \u00a0 \u00a0 \u00a0 \u00a0Sven Lundahl<br \/>\n<\/span><span style=\"color: #000000; font-family: Calibri; font-size: medium;\">Karin Magnusson \u00a0 \u00a0 \u00a0 \u00a0 \u00a0 \u00a0 \u00a0 \u00a0Henrik Melin<br \/>\n<\/span><span style=\"color: #000000; font-family: Calibri; font-size: medium;\">Selim Neziraj \u00a0 \u00a0 \u00a0 \u00a0 \u00a0 \u00a0 \u00a0 \u00a0 \u00a0 \u00a0 \u00a0J\u00f6rgen Nordberg<strong><br \/>\n<\/strong>Ljubica Reljic \u00a0 \u00a0 \u00a0 \u00a0 \u00a0 \u00a0 \u00a0 \u00a0 \u00a0 \u00a0 P\u00e4r Rohlin<span style=\"color: #000000; font-family: Calibri;\"><br \/>\n<\/span>Kalle Rosqvist \u00a0 \u00a0 \u00a0 \u00a0 \u00a0 \u00a0 \u00a0 \u00a0 \u00a0 \u00a0Stefan Sandin<span style=\"color: #000000; font-family: Calibri;\"><br \/>\n<\/span>Carina Svensson<br \/>\n<\/span><\/p>\n<p><strong>Stipendiater 2024<br \/>\n<\/strong><span style=\"color: #000000; font-family: Calibri; font-size: medium;\">Malin Art\u00e9us-Wildt \u00a0 \u00a0 \u00a0 \u00a0 \u00a0 \u00a0 \u00a0 \u00a0Kim Persson<\/span><span style=\"color: #000000; font-family: Calibri;\"><br \/>\n<\/span><span style=\"color: #000000; font-family: Calibri; font-size: medium;\">Michael Andersson \u00a0 \u00a0 \u00a0 \u00a0 \u00a0 \u00a0 \u00a0 \u00a0Peter Danielsson<br \/>\nAsmar Braglund<\/span><\/p>\n<p><strong>Stipendiater 2023<br \/>\n<\/strong><span style=\"color: #000000; font-family: Calibri; font-size: medium;\">Louise Relve \u00a0 \u00a0 \u00a0 \u00a0 \u00a0 \u00a0 \u00a0 \u00a0 Emanuel Edlund<\/span><span style=\"color: #000000; font-family: Calibri;\"><br \/>\n<\/span><span style=\"color: #000000; font-family: Calibri; font-size: medium;\">Mikael Engstr\u00f6m \u00a0 \u00a0 \u00a0 \u00a0 \u00a0Mikael Strandberg<\/span><span style=\"color: #000000; font-family: Calibri;\"><br \/>\n<\/span><span style=\"color: #000000; font-family: Calibri; font-size: medium;\">Magnus Skattberg \u00a0 \u00a0 \u00a0 \u00a0 <\/span><span style=\"color: #000000; font-family: Calibri;\">Johan Knutsson<br \/>\n<\/span><span style=\"color: #000000; font-family: Calibri; font-size: medium;\">Johannes Lindberg \u00a0 \u00a0 \u00a0 \u00a0Lisa Borss\u00e9n<\/span><span style=\"color: #000000; font-family: Calibri;\"><br \/>\n<\/span><span style=\"font-family: Calibri; font-size: medium;\">Jonas H\u00f6ljer \u00a0 \u00a0 \u00a0 \u00a0 \u00a0 \u00a0 \u00a0 \u00a0 \u00a0Hampus Christensson<br \/>\n<\/span><span style=\"color: #000000; font-family: Calibri; font-size: medium;\">Johan Petrisi \u00a0 \u00a0 \u00a0 \u00a0 \u00a0 \u00a0 \u00a0 \u00a0 Staffan Klevfors<br \/>\n<\/span><span style=\"color: #000000; font-family: Calibri; font-size: medium;\">Erik Andersson \u00a0 \u00a0 \u00a0 \u00a0 \u00a0 \u00a0 Uffe Sjolin<\/span><\/p>\n<p><strong>Stipendiater 2021 och 2022<br \/>\n<\/strong><span style=\"color: #000000; font-family: Calibri; font-size: medium;\">Med anledning av pandemin och l\u00e5g verksamhet vid hemv\u00e4rnsf\u00f6rbanden under 2021 och 2022<br \/>\nhar AU beslutat att inga stipendiater ska utses f\u00f6r 2021 och 2022<\/span><\/p>\n<p><strong>Stipendiater 2020<br \/>\n<\/strong><span style=\"color: #000000; font-family: Calibri; font-size: medium;\">Thomas Tell \u00a0 \u00a0 \u00a0 \u00a0 \u00a0 \u00a0 \u00a0 H\u00e5kan M\u00e5rtensson \u00a0<\/span><span style=\"color: #000000; font-family: Calibri;\"><br \/>\n<\/span><span style=\"color: #000000; font-family: Calibri; font-size: medium;\">Peter R\u00f6dseth \u00a0 \u00a0 \u00a0 \u00a0 \u00a0 \u00a0\u00a0<\/span><span style=\"color: #000000; font-family: Calibri;\">Fredrik J\u00f6nsson<br \/>\n<\/span><span style=\"color: #000000; font-family: Calibri;\"><span style=\"font-size: medium;\">Gunilla Karlsson Oscarsson<\/span><\/span><\/p>\n<p><span style=\"color: #000000; font-family: Calibri;\"><span style=\"color: #000000;\">Prisutdelningen skulle skett under Regementets och Totalf\u00f6rsvarets Dag p\u00e5 Revingehed\u00a0<\/span><\/span><span style=\"color: #000000; font-family: Calibri;\"><span style=\"color: #000000;\"> l\u00f6rdagen den 26 april, vilken tyv\u00e4rr blev inst\u00e4lld. Utdelning\u00a0<\/span><\/span><span style=\"color: #000000; font-family: Calibri;\"><span style=\"color: #000000;\">kommer att ske vid ett senare tillf\u00e4lle.<\/span><\/span><\/p>\n<p><strong>Stipendiater 2019<br \/>\n<\/strong><span style=\"color: #000000; font-family: Calibri; font-size: medium;\">Martin Rydman \u00a0 \u00a0 \u00a0 \u00a0 \u00a0 \u00a0 Karin M\u00f6rng\u00e5rd\u00a0 \u00a0<\/span><span style=\"color: #000000; font-family: Calibri;\"><br \/>\n<\/span><span style=\"color: #000000; font-family: Calibri; font-size: medium;\">Fredrik J\u00f6rud \u00a0 \u00a0 \u00a0 \u00a0 \u00a0 \u00a0 \u00a0 \u00a0\u00a0<\/span><span style=\"color: #000000; font-family: Calibri;\">Danny Sj\u00f6rin<br \/>\n<\/span><span style=\"color: #000000; font-family: Calibri; font-size: medium;\">Thomas Nordstr\u00f6m<\/span><span style=\"color: #000000; font-family: Calibri; font-size: medium;\">\u00a0 \u00a0 \u00a0 \u00a0<\/span><span style=\"color: #000000; font-family: Calibri;\">Thomas Maltkvist<br \/>\n<\/span><span style=\"color: #000000; font-family: Calibri; font-size: medium;\">Mats Olofsson \u00a0 \u00a0 \u00a0 \u00a0 \u00a0 \u00a0 \u00a0 <\/span><span style=\"color: #000000; font-family: Calibri;\">Bengt Bengtsson<br \/>\n<\/span><span style=\"color: #000000; font-family: Calibri; font-size: medium;\">Lennart Ehn<\/span><span style=\"color: #000000; font-family: Calibri; font-size: medium;\">\u00a0 \u00a0 \u00a0 \u00a0 \u00a0 \u00a0 \u00a0 \u00a0 \u00a0 <\/span><span style=\"color: #000000; font-family: Calibri;\">Olof S\u00f6derberg<br \/>\n<\/span><\/p>\n<p><span style=\"color: #000000;\">Dessa mottog sitt pris l\u00f6rdagen den 30 maj under Regementets Dag p\u00e5 Revingehed.<\/span><\/p>\n<p><strong>Stipendiater 2018<br \/>\n<\/strong><span style=\"color: #000000; font-family: Calibri; font-size: medium;\">Kerstin Andersson<\/span><span style=\"color: #000000; font-family: Calibri; font-size: medium;\">\u00a0 \u00a0 \u00a0 \u00a0 \u00a0 \u00a0 \u00a0 \u00a0<\/span><span style=\"color: #000000; font-family: Calibri;\">Jonas Sandstr\u00f6m<br \/>\n<\/span><span style=\"color: #000000; font-family: Calibri; font-size: medium;\">Jacob Henriksson<\/span><span style=\"color: #000000; font-family: Calibri; font-size: medium;\">\u00a0 \u00a0 \u00a0 \u00a0 \u00a0 \u00a0 \u00a0 \u00a0 \u00a0<\/span><span style=\"color: #000000; font-family: Calibri;\">Torbj\u00f6rn Ottosson<br \/>\n<\/span><span style=\"color: #000000; font-family: Calibri;\">Anders Bjermo\u00a0<\/span><span style=\"color: #000000; font-family: Calibri; font-size: medium;\">\u00a0 \u00a0 \u00a0 \u00a0 \u00a0 \u00a0 \u00a0 \u00a0 \u00a0 \u00a0 \u00a0<\/span><span style=\"color: #000000; font-family: Calibri;\">Michael Paulsson<br \/>\n<\/span><span style=\"color: #000000; font-family: Calibri; font-size: medium;\">Roland Olsson<\/span><span style=\"color: #000000; font-family: Calibri; font-size: medium;\">\u00a0 \u00a0 \u00a0 \u00a0 \u00a0 \u00a0 \u00a0 \u00a0 \u00a0 \u00a0 \u00a0<\/span><span style=\"color: #000000; font-family: Calibri;\">J\u00f6rgen Nilsson<br \/>\n<\/span><span style=\"color: #000000; font-family: Calibri;\">Jonas Hallstr\u00f6m\u00a0<\/span><span style=\"color: #000000; font-family: Calibri; font-size: medium;\">\u00a0 \u00a0 \u00a0 \u00a0 \u00a0 \u00a0 \u00a0 \u00a0 \u00a0 \u00a0<\/span><span style=\"color: #000000; font-family: Calibri;\">Albert S\u00f6derqvist<br \/>\n<\/span><span style=\"color: #000000; font-family: Calibri;\">Emma Malm<\/span><\/p>\n<p><span style=\"color: #000000;\">Dessa mottog sitt pris l\u00f6rdagen den 5 maj under Regementets Dag p\u00e5 Revingehed.<\/span><\/p>\n<p><strong>Stipendiater 2017<br \/>\n<\/strong><span style=\"color: #000000; font-family: Calibri;\">Ulf Munther <\/span><span style=\"color: #000000; font-family: Calibri; font-size: medium;\">\u00a0\u00a0\u00a0\u00a0\u00a0\u00a0\u00a0\u00a0\u00a0\u00a0\u00a0\u00a0\u00a0\u00a0\u00a0\u00a0\u00a0\u00a0\u00a0\u00a0\u00a0\u00a0 <\/span><span style=\"color: #000000; font-family: Calibri;\">Magnus Sjunnesson<br \/>\n<\/span><span style=\"color: #000000; font-family: Calibri;\">Per Roos <\/span><span style=\"color: #000000; font-family: Calibri; font-size: medium;\">\u00a0\u00a0\u00a0\u00a0\u00a0\u00a0\u00a0\u00a0\u00a0\u00a0\u00a0\u00a0\u00a0\u00a0\u00a0\u00a0\u00a0\u00a0\u00a0\u00a0\u00a0\u00a0\u00a0\u00a0\u00a0\u00a0\u00a0 <\/span><span style=\"color: #000000; font-family: Calibri;\">Karl Hallkvist<br \/>\n<\/span><span style=\"color: #000000; font-family: Calibri;\">Gillis Stenqvist <\/span><span style=\"color: #000000; font-family: Calibri; font-size: medium;\">\u00a0\u00a0\u00a0\u00a0\u00a0\u00a0\u00a0\u00a0\u00a0\u00a0\u00a0\u00a0\u00a0\u00a0\u00a0\u00a0\u00a0\u00a0 <\/span><span style=\"color: #000000; font-family: Calibri;\">Daniel Tilljander<br \/>\n<\/span><span style=\"color: #000000; font-family: Calibri;\">Yasmin Majdalani <\/span><span style=\"color: #000000; font-family: Calibri; font-size: medium;\">\u00a0 \u00a0 \u00a0 \u00a0 \u00a0 \u00a0 \u00a0\u00a0<\/span><span style=\"color: #000000; font-family: Calibri;\">Susanne Nilsson<br \/>\n<\/span><span style=\"color: #000000; font-family: Calibri;\">Christoffer Klein <\/span><span style=\"color: #000000; font-family: Calibri; font-size: medium;\">\u00a0\u00a0\u00a0\u00a0\u00a0\u00a0\u00a0\u00a0\u00a0\u00a0\u00a0\u00a0\u00a0\u00a0\u00a0 <\/span><span style=\"color: #000000; font-family: Calibri;\">Hans Nordborg<br \/>\n<\/span><span style=\"color: #000000; font-family: Calibri;\">Richard Hansson<br \/>\n<\/span><\/p>\n<p><span style=\"color: #000000;\">Dessa mottog sitt pris l\u00f6rdagen den 13 maj under Regementets Dag p\u00e5 Revingehed.<br \/>\n<\/span><strong><br \/>\n<\/strong><strong>Stipendiater 2016<br \/>\n<\/strong><span style=\"color: #000000; font-family: Calibri;\">Mikael Sonander\u00a0\u00a0\u00a0\u00a0\u00a0\u00a0\u00a0\u00a0\u00a0\u00a0\u00a0\u00a0\u00a0\u00a0\u00a0 Elisabeth Persson<br \/>\nAnders T\u00f6rnqvist\u00a0\u00a0\u00a0\u00a0\u00a0\u00a0\u00a0\u00a0\u00a0\u00a0\u00a0\u00a0\u00a0\u00a0\u00a0 Tobias Hansson<br \/>\nSture Nilsson\u00a0\u00a0\u00a0\u00a0\u00a0\u00a0\u00a0\u00a0\u00a0\u00a0\u00a0\u00a0\u00a0\u00a0\u00a0\u00a0\u00a0\u00a0\u00a0\u00a0\u00a0\u00a0 Charlie Rehnstr\u00f6m<br \/>\nDaniel Olsson\u00a0\u00a0\u00a0\u00a0\u00a0\u00a0\u00a0\u00a0\u00a0\u00a0\u00a0\u00a0\u00a0\u00a0\u00a0\u00a0\u00a0\u00a0\u00a0\u00a0\u00a0 P\u00e4r \u00c5ngman<br \/>\nMaria Ryd\u00e9n\u00a0\u00a0\u00a0\u00a0\u00a0\u00a0\u00a0\u00a0\u00a0\u00a0\u00a0\u00a0\u00a0\u00a0\u00a0\u00a0\u00a0\u00a0\u00a0\u00a0\u00a0\u00a0 \u00a0Jarl Boris Persson<br \/>\nTobias M\u00f6rtlund\u00a0\u00a0\u00a0\u00a0\u00a0\u00a0\u00a0\u00a0\u00a0\u00a0\u00a0\u00a0\u00a0\u00a0\u00a0\u00a0 Henrik H\u00e5kansson<br \/>\nMartin H\u00e5kansson\u00a0\u00a0\u00a0\u00a0\u00a0\u00a0\u00a0\u00a0\u00a0\u00a0\u00a0\u00a0\u00a0 Andreas Pantzar<br \/>\nMats Palm\u00a0\u00a0\u00a0\u00a0\u00a0\u00a0\u00a0\u00a0\u00a0\u00a0\u00a0\u00a0\u00a0\u00a0\u00a0\u00a0\u00a0\u00a0\u00a0\u00a0\u00a0\u00a0\u00a0\u00a0\u00a0\u00a0\u00a0Therese Nyman<br \/>\nMikael Olsson\u00a0\u00a0\u00a0\u00a0\u00a0\u00a0\u00a0\u00a0\u00a0\u00a0\u00a0\u00a0\u00a0\u00a0\u00a0\u00a0\u00a0\u00a0\u00a0\u00a0 Rickard Ericsson<br \/>\nMarcus Severin\u00a0\u00a0\u00a0\u00a0\u00a0\u00a0\u00a0\u00a0\u00a0\u00a0\u00a0\u00a0\u00a0\u00a0\u00a0\u00a0\u00a0\u00a0Thomas Sjunnesson<br \/>\nZivorad Mladenovic<\/span><\/p>\n<p>Dessa mottog sitt pris l\u00f6rdagen den 27 augusti under Regementets Dag p\u00e5 Revingehed.<\/p>\n<p><strong>\u00a0<\/strong><\/p>\n","protected":false},"excerpt":{"rendered":"<p>Stipendiater 2025 Marcus Andersson \u00a0 \u00a0 \u00a0 \u00a0 \u00a0 \u00a0 \u00a0 Hanna Bengtsson Krister Eliasson \u00a0 \u00a0 \u00a0 \u00a0 \u00a0 \u00a0 \u00a0 \u00a0 \u00a0 \u00a0Sebastian Eriksson Christian Frisk \u00a0 \u00a0 \u00a0 \u00a0 \u00a0 \u00a0 \u00a0 \u00a0 \u00a0 \u00a0 Patrik Hansson &hellip; <a href=\"https:\/\/malmohushemvarnsforbund.se\/?page_id=131\">L\u00e4s mer <span class=\"meta-nav\">&rarr;<\/span><\/a><\/p>\n","protected":false},"author":1,"featured_media":0,"parent":0,"menu_order":0,"comment_status":"closed","ping_status":"closed","template":"","meta":[],"_links":{"self":[{"href":"https:\/\/malmohushemvarnsforbund.se\/index.php?rest_route=\/wp\/v2\/pages\/131"}],"collection":[{"href":"https:\/\/malmohushemvarnsforbund.se\/index.php?rest_route=\/wp\/v2\/pages"}],"about":[{"href":"https:\/\/malmohushemvarnsforbund.se\/index.php?rest_route=\/wp\/v2\/types\/page"}],"author":[{"embeddable":true,"href":"https:\/\/malmohushemvarnsforbund.se\/index.php?rest_route=\/wp\/v2\/users\/1"}],"replies":[{"embeddable":true,"href":"https:\/\/malmohushemvarnsforbund.se\/index.php?rest_route=%2Fwp%2Fv2%2Fcomments&post=131"}],"version-history":[{"count":46,"href":"https:\/\/malmohushemvarnsforbund.se\/index.php?rest_route=\/wp\/v2\/pages\/131\/revisions"}],"predecessor-version":[{"id":569,"href":"https:\/\/malmohushemvarnsforbund.se\/index.php?rest_route=\/wp\/v2\/pages\/131\/revisions\/569"}],"wp:attachment":[{"href":"https:\/\/malmohushemvarnsforbund.se\/index.php?rest_route=%2Fwp%2Fv2%2Fmedia&parent=131"}],"curies":[{"name":"wp","href":"https:\/\/api.w.org\/{rel}","templated":true}]}}