{"id":110,"date":"2011-08-29T00:04:51","date_gmt":"2011-08-28T22:04:51","guid":{"rendered":"http:\/\/malmohushemvarnsforbund.se\/?page_id=110"},"modified":"2025-02-15T16:23:14","modified_gmt":"2025-02-15T15:23:14","slug":"stipendium","status":"publish","type":"page","link":"https:\/\/malmohushemvarnsforbund.se\/?page_id=110","title":{"rendered":"Stipendium"},"content":{"rendered":"<p><strong>\u00c5rets Hemv\u00e4rnssoldat<br \/><span style=\"font-size: small;\"><br \/><\/span><\/strong>Bakgrund<br \/>AU f\u00f6rslag om instiftande av ett stipendium f\u00f6r\u00a0<strong>\u00c5rets Hemv\u00e4rnssoldat<\/strong> tillstyrktes vid f\u00f6rbundsm\u00f6tet 2009. Best\u00e4mmelserna har reviderats av AU 2016-02-02 och godk\u00e4nts av f\u00f6rbundsm\u00f6tet 2016-03-01.<\/p>\n<p>Statuter<br \/>Stipendiet riktar sig till person, utan chefsbefattning, som medverkar till positiv f\u00f6rbandsanda och som \u00e4r placerad i enhet *)\u00a0inom Hemv\u00e4rnet i Sk\u00e5ne.<\/p>\n<div>\n<p>Det skall ses som uppmuntran f\u00f6r den enskilde och ha till huvudsyfte att \u00f6ka motivationen och utg\u00f6rs av en penningsumma och utdelas \u00e5rligen\u00a0*)<\/p>\n<\/div>\n<p>*) Med enhet f\u00f6rst\u00e5s hemv\u00e4rnskompani, bataljonsstab och ledningspluton samt motsvarande enhet, som har kompanir\u00e5dsverksamhet (t ex plutonsr\u00e5d). Enhet mindre \u00e4n kompani \u00e4ger ans\u00f6ka om stipendium vartannat \u00e5r fr o m 2017.<\/p>\n<div>\n<p>Varje kompanir\u00e5d\/motsvarande har r\u00e4tt att f\u00f6resl\u00e5 <strong>en<\/strong> kandidat till stipendiet.<br \/>Ans\u00f6kan skickas till f\u00f6rbundets ordf\u00f6rande <strong>senast den 1 april<\/strong> utdelnings\u00e5ret.<\/p>\n<div>\n<p>Av ans\u00f6kan skall framg\u00e5 namn, postadress, e-postadress, befattning, konto f\u00f6r utbetalning, \u00a0kompani\/ enhetstillh\u00f6righet och en kort motivering.<\/p>\n<p>Meddelande om beviljat stipendium tillst\u00e4lls kompanir\u00e5d\/motsvarande.<\/p>\n<p>Ans\u00f6kan ska ins\u00e4ndas av f\u00f6rbandschef (C hvledplut respektive C Hvbat) <strong>samf\u00e4llt<\/strong> f\u00f6r enheter ing\u00e5ende i respektive f\u00f6rband p\u00e5 denna <a href=\"https:\/\/media.malmohushemvarnsforbund.se\/Ansokan-Arets-hemvarnssoldat-1.xlsx\"><strong>blankett<\/strong><\/a><span style=\"font-size: revert;\">\u00a0(l\u00e4nk)<\/span><\/p>\n<p><span style=\"font-size: revert;\"> S\u00e4nd ans\u00f6kan till:<\/span><span style=\"font-size: small;\">\u00a0<a href=\"mailto:soldat@malmohushemvarnsforbund.se\">soldat@malmohushemvarnsforbund.se<\/a><\/span><\/p>\n<\/div>\n<\/div>\n\n\n<p><\/p>\n","protected":false},"excerpt":{"rendered":"<p>\u00c5rets Hemv\u00e4rnssoldatBakgrundAU f\u00f6rslag om instiftande av ett stipendium f\u00f6r\u00a0\u00c5rets Hemv\u00e4rnssoldat tillstyrktes vid f\u00f6rbundsm\u00f6tet 2009. Best\u00e4mmelserna har reviderats av AU 2016-02-02 och godk\u00e4nts av f\u00f6rbundsm\u00f6tet 2016-03-01. StatuterStipendiet riktar sig till person, utan chefsbefattning, som medverkar till positiv f\u00f6rbandsanda och som \u00e4r &hellip; <a href=\"https:\/\/malmohushemvarnsforbund.se\/?page_id=110\">L\u00e4s mer <span class=\"meta-nav\">&rarr;<\/span><\/a><\/p>\n","protected":false},"author":1,"featured_media":0,"parent":0,"menu_order":0,"comment_status":"closed","ping_status":"closed","template":"","meta":[],"_links":{"self":[{"href":"https:\/\/malmohushemvarnsforbund.se\/index.php?rest_route=\/wp\/v2\/pages\/110"}],"collection":[{"href":"https:\/\/malmohushemvarnsforbund.se\/index.php?rest_route=\/wp\/v2\/pages"}],"about":[{"href":"https:\/\/malmohushemvarnsforbund.se\/index.php?rest_route=\/wp\/v2\/types\/page"}],"author":[{"embeddable":true,"href":"https:\/\/malmohushemvarnsforbund.se\/index.php?rest_route=\/wp\/v2\/users\/1"}],"replies":[{"embeddable":true,"href":"https:\/\/malmohushemvarnsforbund.se\/index.php?rest_route=%2Fwp%2Fv2%2Fcomments&post=110"}],"version-history":[{"count":22,"href":"https:\/\/malmohushemvarnsforbund.se\/index.php?rest_route=\/wp\/v2\/pages\/110\/revisions"}],"predecessor-version":[{"id":532,"href":"https:\/\/malmohushemvarnsforbund.se\/index.php?rest_route=\/wp\/v2\/pages\/110\/revisions\/532"}],"wp:attachment":[{"href":"https:\/\/malmohushemvarnsforbund.se\/index.php?rest_route=%2Fwp%2Fv2%2Fmedia&parent=110"}],"curies":[{"name":"wp","href":"https:\/\/api.w.org\/{rel}","templated":true}]}}