{"id":105,"date":"2011-08-29T00:03:22","date_gmt":"2011-08-28T22:03:22","guid":{"rendered":"http:\/\/malmohushemvarnsforbund.se\/?page_id=105"},"modified":"2014-09-28T17:56:29","modified_gmt":"2014-09-28T15:56:29","slug":"om-oss","status":"publish","type":"page","link":"https:\/\/malmohushemvarnsforbund.se\/?page_id=105","title":{"rendered":"Om oss"},"content":{"rendered":"<p>F\u00f6rbundet skall i samverkan med andra frivilligorganisationer i f\u00f6re detta Fo11 (=f d Malm\u00f6hus l\u00e4n) bidra till att vidmakth\u00e5lla, \u00f6ka och f\u00f6rdjupa intresset f\u00f6r i f\u00f6rsta hand Hemv\u00e4rnet, men \u00e4ven i \u00f6vrigt f\u00f6r hembygdens f\u00f6rsvar.<\/p>\n<p>Vid F\u00f6rbundsm\u00f6tet 2013 besl\u00f6ts att AU skall verka f\u00f6r att medlemmar till f\u00f6rbundet rekryteras fr\u00e5n 49.Hvbat, Norra Sk\u00e5nska Hemv\u00e4rnsbataljonen.<\/p>\n<p>I syfte att po\u00e4ngtera och betona att F\u00f6rbundet st\u00f6djer hela Sk\u00e5nes Hemv\u00e4rn har AU under 2013 tagit fram n\u00e5gra f\u00f6rslag till till\u00e4ggstext efter namnet \u201dMalm\u00f6hus Hemv\u00e4rnsf\u00f6rbund\u201d. F\u00f6rslagen diskuterades vid F\u00f6rbundsm\u00f6te 2014 och \u00e5terremiterades till AU f\u00f6r vidare bearbetning.<\/p>\n<p>AU har beslutat att texten \u201dF\u00f6r fr\u00e4mjande av hemv\u00e4rnet i Sk\u00e5ne\u201d \u00e4r den l\u00e4mpligaste. Denna \u00e4r nu inskriven i ingressen p\u00e5 Hemsidans olika delar.<\/p>\n<p><span style=\"font-size: small;\"><a href=\"https:\/\/malmohushemvarnsforbund.se\/?attachment_id=165\" target=\"_blank\"><img loading=\"lazy\" class=\"alignnone\" alt=\"Fd Malm\u00f6hus l\u00e4n\" src=\"https:\/\/media.malmohushemvarnsforbund.se\/Malm\u00f6hus-l\u00e4n_v2-150x150.png\" width=\"225\" height=\"236\" \/><\/a><\/span><\/p>\n<p>&nbsp;<\/p>\n<p>&nbsp;<\/p>\n","protected":false},"excerpt":{"rendered":"<p>F\u00f6rbundet skall i samverkan med andra frivilligorganisationer i f\u00f6re detta Fo11 (=f d Malm\u00f6hus l\u00e4n) bidra till att vidmakth\u00e5lla, \u00f6ka och f\u00f6rdjupa intresset f\u00f6r i f\u00f6rsta hand Hemv\u00e4rnet, men \u00e4ven i \u00f6vrigt f\u00f6r hembygdens f\u00f6rsvar. Vid F\u00f6rbundsm\u00f6tet 2013 besl\u00f6ts att &hellip; <a href=\"https:\/\/malmohushemvarnsforbund.se\/?page_id=105\">L\u00e4s mer <span class=\"meta-nav\">&rarr;<\/span><\/a><\/p>\n","protected":false},"author":1,"featured_media":167,"parent":0,"menu_order":0,"comment_status":"closed","ping_status":"closed","template":"","meta":[],"_links":{"self":[{"href":"https:\/\/malmohushemvarnsforbund.se\/index.php?rest_route=\/wp\/v2\/pages\/105"}],"collection":[{"href":"https:\/\/malmohushemvarnsforbund.se\/index.php?rest_route=\/wp\/v2\/pages"}],"about":[{"href":"https:\/\/malmohushemvarnsforbund.se\/index.php?rest_route=\/wp\/v2\/types\/page"}],"author":[{"embeddable":true,"href":"https:\/\/malmohushemvarnsforbund.se\/index.php?rest_route=\/wp\/v2\/users\/1"}],"replies":[{"embeddable":true,"href":"https:\/\/malmohushemvarnsforbund.se\/index.php?rest_route=%2Fwp%2Fv2%2Fcomments&post=105"}],"version-history":[{"count":8,"href":"https:\/\/malmohushemvarnsforbund.se\/index.php?rest_route=\/wp\/v2\/pages\/105\/revisions"}],"predecessor-version":[{"id":263,"href":"https:\/\/malmohushemvarnsforbund.se\/index.php?rest_route=\/wp\/v2\/pages\/105\/revisions\/263"}],"wp:featuredmedia":[{"embeddable":true,"href":"https:\/\/malmohushemvarnsforbund.se\/index.php?rest_route=\/wp\/v2\/media\/167"}],"wp:attachment":[{"href":"https:\/\/malmohushemvarnsforbund.se\/index.php?rest_route=%2Fwp%2Fv2%2Fmedia&parent=105"}],"curies":[{"name":"wp","href":"https:\/\/api.w.org\/{rel}","templated":true}]}}